{"id":563,"date":"2023-11-27T19:45:21","date_gmt":"2023-11-27T18:45:21","guid":{"rendered":"https:\/\/www.myshifa.fr\/?post_type=product&#038;p=563"},"modified":"2023-11-27T19:49:03","modified_gmt":"2023-11-27T18:49:03","slug":"miel-graine-nigelle","status":"publish","type":"product","link":"https:\/\/www.greenshifa.com\/index.php\/produit\/miel-graine-nigelle\/","title":{"rendered":"Miel \u00e0 la graine de Nigelle"},"content":{"rendered":"<p>Le miel \u00e0 la graine de Nigelle est un produit important dans la m\u00e9decine proph\u00e9tique.\u00a0Il a la r\u00e9putation d\u2019\u00eatre le meilleur miel du Monde car il poss\u00e8de de nombreuses vertus th\u00e9rapeutiques tout en aillant un go\u00fbt d\u00e9licieux tr\u00e8s recherch\u00e9 par les amateurs. Parmi ses vertus, et outre sa grande capacit\u00e9 \u00e0 renforcer le syst\u00e8me immunitaire, on notera les informations suivantes :<\/p>\n<ul>\n<li>Il cicatrise les plaies, les brulures et les coupures en application externe.<\/li>\n<li>Il est efficace pour le traitement des sinusites, angines et pathologies similaires car c\u2019est un puissant antibiotique. Pour cela il est faut le consommer plusieurs fois par jour \u00e0 raison d\u2019une cuill\u00e8re \u00e0 caf\u00e9 par prise. A consommer pur ou dans du th\u00e9.<\/li>\n<li>Anti ulc\u00e9reux puissant.<\/li>\n<li>Il aide \u00e0 la digestion mais aussi en cas de probl\u00e8mes intestinaux.<\/li>\n<li>On lui attribue un fort pouvoir aphrodisiaque.<\/li>\n<\/ul>\n","protected":false},"excerpt":{"rendered":"<p>Produit Coranis\u00e9<br \/>\nQualit\u00e9 : 100% pure et naturelle<\/p>\n<p>&nbsp;<\/p>\n","protected":false},"featured_media":567,"comment_status":"open","ping_status":"closed","template":"","meta":[],"product_brand":[],"product_cat":[101],"product_tag":[],"class_list":{"0":"post-563","1":"product","2":"type-product","3":"status-publish","4":"has-post-thumbnail","6":"product_cat-miels-vertues","8":"first","9":"instock","10":"taxable","11":"shipping-taxable","12":"purchasable","13":"product-type-variable"},"_links":{"self":[{"href":"https:\/\/www.greenshifa.com\/index.php\/wp-json\/wp\/v2\/product\/563","targetHints":{"allow":["GET"]}}],"collection":[{"href":"https:\/\/www.greenshifa.com\/index.php\/wp-json\/wp\/v2\/product"}],"about":[{"href":"https:\/\/www.greenshifa.com\/index.php\/wp-json\/wp\/v2\/types\/product"}],"replies":[{"embeddable":true,"href":"https:\/\/www.greenshifa.com\/index.php\/wp-json\/wp\/v2\/comments?post=563"}],"wp:featuredmedia":[{"embeddable":true,"href":"https:\/\/www.greenshifa.com\/index.php\/wp-json\/wp\/v2\/media\/567"}],"wp:attachment":[{"href":"https:\/\/www.greenshifa.com\/index.php\/wp-json\/wp\/v2\/media?parent=563"}],"wp:term":[{"taxonomy":"product_brand","embeddable":true,"href":"https:\/\/www.greenshifa.com\/index.php\/wp-json\/wp\/v2\/product_brand?post=563"},{"taxonomy":"product_cat","embeddable":true,"href":"https:\/\/www.greenshifa.com\/index.php\/wp-json\/wp\/v2\/product_cat?post=563"},{"taxonomy":"product_tag","embeddable":true,"href":"https:\/\/www.greenshifa.com\/index.php\/wp-json\/wp\/v2\/product_tag?post=563"}],"curies":[{"name":"wp","href":"https:\/\/api.w.org\/{rel}","templated":true}]}}