{"id":555,"date":"2023-11-27T19:35:19","date_gmt":"2023-11-27T18:35:19","guid":{"rendered":"https:\/\/www.myshifa.fr\/?post_type=product&#038;p=555"},"modified":"2023-11-27T19:35:19","modified_gmt":"2023-11-27T18:35:19","slug":"pierre-ponce-volcanique","status":"publish","type":"product","link":"https:\/\/www.greenshifa.com\/index.php\/produit\/pierre-ponce-volcanique\/","title":{"rendered":"Pierre Ponce Volcanique"},"content":{"rendered":"<p>La Pierre volcanique s\u2019utilise pour poncer les callosit\u00e9s des pieds, ainsi la peau de vos pieds se fait toute douce et se trouve d\u00e9barrass\u00e9e de ses rugosit\u00e9s.<\/p>\n","protected":false},"excerpt":{"rendered":"<p>Conseils d\u2019utilisation : Se laver les pieds de pr\u00e9f\u00e9rence au savon noir afin de ramollir les callosit\u00e9s. Ensuite frotter les parties dures avec la pierre ponce. Pour une meilleure protection et hydratation de vos pieds, il est conseill\u00e9 de les enduire ensuite avec de huile de Nigelle.<\/p>\n","protected":false},"featured_media":556,"comment_status":"open","ping_status":"closed","template":"","meta":[],"product_brand":[],"product_cat":[100],"product_tag":[],"class_list":{"0":"post-555","1":"product","2":"type-product","3":"status-publish","4":"has-post-thumbnail","6":"product_cat-accessoires","8":"first","9":"instock","10":"taxable","11":"shipping-taxable","12":"purchasable","13":"product-type-simple"},"_links":{"self":[{"href":"https:\/\/www.greenshifa.com\/index.php\/wp-json\/wp\/v2\/product\/555","targetHints":{"allow":["GET"]}}],"collection":[{"href":"https:\/\/www.greenshifa.com\/index.php\/wp-json\/wp\/v2\/product"}],"about":[{"href":"https:\/\/www.greenshifa.com\/index.php\/wp-json\/wp\/v2\/types\/product"}],"replies":[{"embeddable":true,"href":"https:\/\/www.greenshifa.com\/index.php\/wp-json\/wp\/v2\/comments?post=555"}],"wp:featuredmedia":[{"embeddable":true,"href":"https:\/\/www.greenshifa.com\/index.php\/wp-json\/wp\/v2\/media\/556"}],"wp:attachment":[{"href":"https:\/\/www.greenshifa.com\/index.php\/wp-json\/wp\/v2\/media?parent=555"}],"wp:term":[{"taxonomy":"product_brand","embeddable":true,"href":"https:\/\/www.greenshifa.com\/index.php\/wp-json\/wp\/v2\/product_brand?post=555"},{"taxonomy":"product_cat","embeddable":true,"href":"https:\/\/www.greenshifa.com\/index.php\/wp-json\/wp\/v2\/product_cat?post=555"},{"taxonomy":"product_tag","embeddable":true,"href":"https:\/\/www.greenshifa.com\/index.php\/wp-json\/wp\/v2\/product_tag?post=555"}],"curies":[{"name":"wp","href":"https:\/\/api.w.org\/{rel}","templated":true}]}}