{"id":454,"date":"2023-11-13T15:46:26","date_gmt":"2023-11-13T14:46:26","guid":{"rendered":"https:\/\/www.myshifa.fr\/?post_type=product&#038;p=454"},"modified":"2024-09-28T19:55:37","modified_gmt":"2024-09-28T17:55:37","slug":"huiles-olive-de-palestine-100-bio","status":"publish","type":"product","link":"https:\/\/www.greenshifa.com\/index.php\/produit\/huiles-olive-de-palestine-100-bio\/","title":{"rendered":"Huiles olive de Palestine 100% BIO"},"content":{"rendered":"","protected":false},"excerpt":{"rendered":"<div class=\"p-details__content --wysiwyg\">\n<p>Une huile d&rsquo;olive traditionnelle. Ce produit est destin\u00e9 \u00e0 encourager les agriculteurs palestiniens.<\/p>\n<\/div>\n<p>Qualit\u00e9 : 100% Naturel BIO press\u00e9e \u00e0 froid \u00e0 partir d&rsquo;olives bien m\u00fbres<br \/>\nQuantit\u00e9 : 1L<\/p>\n","protected":false},"featured_media":455,"comment_status":"open","ping_status":"closed","template":"","meta":[],"product_brand":[],"product_cat":[107],"product_tag":[],"class_list":{"0":"post-454","1":"product","2":"type-product","3":"status-publish","4":"has-post-thumbnail","6":"product_cat-produits-de-palestine","8":"first","9":"instock","10":"taxable","11":"shipping-taxable","12":"purchasable","13":"product-type-simple"},"_links":{"self":[{"href":"https:\/\/www.greenshifa.com\/index.php\/wp-json\/wp\/v2\/product\/454","targetHints":{"allow":["GET"]}}],"collection":[{"href":"https:\/\/www.greenshifa.com\/index.php\/wp-json\/wp\/v2\/product"}],"about":[{"href":"https:\/\/www.greenshifa.com\/index.php\/wp-json\/wp\/v2\/types\/product"}],"replies":[{"embeddable":true,"href":"https:\/\/www.greenshifa.com\/index.php\/wp-json\/wp\/v2\/comments?post=454"}],"wp:featuredmedia":[{"embeddable":true,"href":"https:\/\/www.greenshifa.com\/index.php\/wp-json\/wp\/v2\/media\/455"}],"wp:attachment":[{"href":"https:\/\/www.greenshifa.com\/index.php\/wp-json\/wp\/v2\/media?parent=454"}],"wp:term":[{"taxonomy":"product_brand","embeddable":true,"href":"https:\/\/www.greenshifa.com\/index.php\/wp-json\/wp\/v2\/product_brand?post=454"},{"taxonomy":"product_cat","embeddable":true,"href":"https:\/\/www.greenshifa.com\/index.php\/wp-json\/wp\/v2\/product_cat?post=454"},{"taxonomy":"product_tag","embeddable":true,"href":"https:\/\/www.greenshifa.com\/index.php\/wp-json\/wp\/v2\/product_tag?post=454"}],"curies":[{"name":"wp","href":"https:\/\/api.w.org\/{rel}","templated":true}]}}