{"id":452,"date":"2023-11-13T15:44:37","date_gmt":"2023-11-13T14:44:37","guid":{"rendered":"https:\/\/www.myshifa.fr\/?post_type=product&#038;p=452"},"modified":"2023-11-13T15:44:37","modified_gmt":"2023-11-13T14:44:37","slug":"pollen-en-pelote-bio","status":"publish","type":"product","link":"https:\/\/www.greenshifa.com\/index.php\/produit\/pollen-en-pelote-bio\/","title":{"rendered":"Pollen en pelote BIO"},"content":{"rendered":"","protected":false},"excerpt":{"rendered":"<p>Le pollen en pelote est le fruit de la transformation du pollen<br \/>\n(r\u00e9colt\u00e9 sur plusieurs fleurs) par les abeilles qui le ram\u00e8nent ensuite \u00e0 la ruche pour favoriser leur croissance.<br \/>\nVous pouvez parsemer le pollen dans vos yaourts, mueslis, ou salade de fruits.<br \/>\nEt pourquoi pas, en diluer dans vos boissons chaudes !<\/p>\n<p>Qualit\u00e9 : 100% Naturel BIO<br \/>\nQuantit\u00e9 : 250g<\/p>\n","protected":false},"featured_media":453,"comment_status":"open","ping_status":"closed","template":"","meta":[],"product_brand":[],"product_cat":[101],"product_tag":[],"class_list":{"0":"post-452","1":"product","2":"type-product","3":"status-publish","4":"has-post-thumbnail","6":"product_cat-miels-vertues","8":"first","9":"instock","10":"taxable","11":"shipping-taxable","12":"purchasable","13":"product-type-simple"},"_links":{"self":[{"href":"https:\/\/www.greenshifa.com\/index.php\/wp-json\/wp\/v2\/product\/452","targetHints":{"allow":["GET"]}}],"collection":[{"href":"https:\/\/www.greenshifa.com\/index.php\/wp-json\/wp\/v2\/product"}],"about":[{"href":"https:\/\/www.greenshifa.com\/index.php\/wp-json\/wp\/v2\/types\/product"}],"replies":[{"embeddable":true,"href":"https:\/\/www.greenshifa.com\/index.php\/wp-json\/wp\/v2\/comments?post=452"}],"wp:featuredmedia":[{"embeddable":true,"href":"https:\/\/www.greenshifa.com\/index.php\/wp-json\/wp\/v2\/media\/453"}],"wp:attachment":[{"href":"https:\/\/www.greenshifa.com\/index.php\/wp-json\/wp\/v2\/media?parent=452"}],"wp:term":[{"taxonomy":"product_brand","embeddable":true,"href":"https:\/\/www.greenshifa.com\/index.php\/wp-json\/wp\/v2\/product_brand?post=452"},{"taxonomy":"product_cat","embeddable":true,"href":"https:\/\/www.greenshifa.com\/index.php\/wp-json\/wp\/v2\/product_cat?post=452"},{"taxonomy":"product_tag","embeddable":true,"href":"https:\/\/www.greenshifa.com\/index.php\/wp-json\/wp\/v2\/product_tag?post=452"}],"curies":[{"name":"wp","href":"https:\/\/api.w.org\/{rel}","templated":true}]}}