{"id":431,"date":"2023-11-13T15:26:02","date_gmt":"2023-11-13T14:26:02","guid":{"rendered":"https:\/\/www.myshifa.fr\/?post_type=product&#038;p=431"},"modified":"2024-09-25T10:58:45","modified_gmt":"2024-09-25T08:58:45","slug":"bois-homme","status":"publish","type":"product","link":"https:\/\/www.greenshifa.com\/index.php\/produit\/bois-homme\/","title":{"rendered":"Bois (Homme)"},"content":{"rendered":"","protected":false},"excerpt":{"rendered":"<p>Bois de la maison Collection Priv\u00e9e Paris est une fragrance mixte, qui cr\u00e9e sa propre histoire et invite \u00e0 en faire de m\u00eame. Bois est un parfum iconique et myst\u00e9rieux. F\u00e9minin, masculin ? Il ne choisit pas : c\u2019est un parfum qui attise l\u2019envie et les curiosit\u00e9s.<\/p>\n<p><strong>Notes olfactives<\/strong><\/p>\n<p><strong>T\u00eate :<\/strong>\u00a0Encens blanc du Y\u00e9men<br \/>\n<strong>C\u0153ur :<\/strong>\u00a0Iris de Florence<br \/>\n<strong>Fond :<\/strong>\u00a0Musc blanc<\/p>\n<p>Pour\u00a0<strong>Bois<\/strong>, la note de t\u00eate est compos\u00e9e d\u2019<strong>Encens blanc du Yemen<\/strong>. C\u2019est une r\u00e9sine odorante, qui donne \u00e0 ce parfum son caract\u00e8re \u00e9tonnant et contrast\u00e9. La note de c\u0153ur est faite d\u2019<strong>Iris de Florence<\/strong>.<\/p>\n<p>C\u2019est l\u2019un des produits les plus pr\u00e9cieux de la palette du parfumeur. Les senteurs poudr\u00e9es de l\u2019Iris apportent au parfum une certaine douceur. Le\u00a0<strong>Musc blanc<\/strong>, note de fond, apporte un effet\u00a0coton un peu poudr\u00e9 qui veloute la peau. C\u2019est toujours tr\u00e8s difficile de d\u00e9crire un parfum, mais, en r\u00e9sum\u00e9, cette pyramide donne \u00e0 Bois un aspect intime et intimiste qui en fait presque un parfum de peau.<\/p>\n<p>Contenance : 50 ml<\/p>\n","protected":false},"featured_media":432,"comment_status":"open","ping_status":"closed","template":"","meta":[],"product_brand":[],"product_cat":[106],"product_tag":[],"class_list":{"0":"post-431","1":"product","2":"type-product","3":"status-publish","4":"has-post-thumbnail","6":"product_cat-parfums-dorient","8":"first","9":"instock","10":"sale","11":"taxable","12":"shipping-taxable","13":"purchasable","14":"product-type-simple"},"_links":{"self":[{"href":"https:\/\/www.greenshifa.com\/index.php\/wp-json\/wp\/v2\/product\/431","targetHints":{"allow":["GET"]}}],"collection":[{"href":"https:\/\/www.greenshifa.com\/index.php\/wp-json\/wp\/v2\/product"}],"about":[{"href":"https:\/\/www.greenshifa.com\/index.php\/wp-json\/wp\/v2\/types\/product"}],"replies":[{"embeddable":true,"href":"https:\/\/www.greenshifa.com\/index.php\/wp-json\/wp\/v2\/comments?post=431"}],"wp:featuredmedia":[{"embeddable":true,"href":"https:\/\/www.greenshifa.com\/index.php\/wp-json\/wp\/v2\/media\/432"}],"wp:attachment":[{"href":"https:\/\/www.greenshifa.com\/index.php\/wp-json\/wp\/v2\/media?parent=431"}],"wp:term":[{"taxonomy":"product_brand","embeddable":true,"href":"https:\/\/www.greenshifa.com\/index.php\/wp-json\/wp\/v2\/product_brand?post=431"},{"taxonomy":"product_cat","embeddable":true,"href":"https:\/\/www.greenshifa.com\/index.php\/wp-json\/wp\/v2\/product_cat?post=431"},{"taxonomy":"product_tag","embeddable":true,"href":"https:\/\/www.greenshifa.com\/index.php\/wp-json\/wp\/v2\/product_tag?post=431"}],"curies":[{"name":"wp","href":"https:\/\/api.w.org\/{rel}","templated":true}]}}