{"id":206,"date":"2021-05-28T01:36:34","date_gmt":"2021-05-27T23:36:34","guid":{"rendered":"http:\/\/www.myshifa.fr\/?post_type=product&#038;p=206"},"modified":"2023-11-12T16:24:42","modified_gmt":"2023-11-12T15:24:42","slug":"miel-therapeutique","status":"publish","type":"product","link":"https:\/\/www.greenshifa.com\/index.php\/produit\/miel-therapeutique\/","title":{"rendered":"Miel Th\u00e9rapeutique"},"content":{"rendered":"","protected":false},"excerpt":{"rendered":"<p>Produit Coranis\u00e9<br \/>\nQualit\u00e9 : 100% pure et naturelle<\/p>\n<p>Ce miel (Nigelle-Curcuma-Gimgembre) est le meilleur rem\u00e8de contre tous les maux. Il est \u00e9galement \u00e0 prendre dans le cadre d&rsquo;un traitement contre les sorcelleries mang\u00e9es. De plus, c&rsquo;est un excellent d\u00e9tox pour nos cellules et nettoie en profondeur les impuret\u00e9s mang\u00e9es.<\/p>\n","protected":false},"featured_media":210,"comment_status":"open","ping_status":"closed","template":"","meta":[],"product_brand":[],"product_cat":[101],"product_tag":[],"class_list":{"0":"post-206","1":"product","2":"type-product","3":"status-publish","4":"has-post-thumbnail","6":"product_cat-miels-vertues","8":"first","9":"instock","10":"taxable","11":"shipping-taxable","12":"purchasable","13":"product-type-variable"},"_links":{"self":[{"href":"https:\/\/www.greenshifa.com\/index.php\/wp-json\/wp\/v2\/product\/206","targetHints":{"allow":["GET"]}}],"collection":[{"href":"https:\/\/www.greenshifa.com\/index.php\/wp-json\/wp\/v2\/product"}],"about":[{"href":"https:\/\/www.greenshifa.com\/index.php\/wp-json\/wp\/v2\/types\/product"}],"replies":[{"embeddable":true,"href":"https:\/\/www.greenshifa.com\/index.php\/wp-json\/wp\/v2\/comments?post=206"}],"wp:featuredmedia":[{"embeddable":true,"href":"https:\/\/www.greenshifa.com\/index.php\/wp-json\/wp\/v2\/media\/210"}],"wp:attachment":[{"href":"https:\/\/www.greenshifa.com\/index.php\/wp-json\/wp\/v2\/media?parent=206"}],"wp:term":[{"taxonomy":"product_brand","embeddable":true,"href":"https:\/\/www.greenshifa.com\/index.php\/wp-json\/wp\/v2\/product_brand?post=206"},{"taxonomy":"product_cat","embeddable":true,"href":"https:\/\/www.greenshifa.com\/index.php\/wp-json\/wp\/v2\/product_cat?post=206"},{"taxonomy":"product_tag","embeddable":true,"href":"https:\/\/www.greenshifa.com\/index.php\/wp-json\/wp\/v2\/product_tag?post=206"}],"curies":[{"name":"wp","href":"https:\/\/api.w.org\/{rel}","templated":true}]}}