{"id":487,"date":"2023-11-27T16:42:28","date_gmt":"2023-11-27T15:42:28","guid":{"rendered":"https:\/\/www.myshifa.fr\/?page_id=487"},"modified":"2023-11-27T21:50:44","modified_gmt":"2023-11-27T20:50:44","slug":"etre-accompagne-au-quotidien","status":"publish","type":"page","link":"https:\/\/www.greenshifa.com\/index.php\/etre-accompagne-au-quotidien\/","title":{"rendered":"Votre bien \u00eatre, notre priorit\u00e9"},"content":{"rendered":"\n<figure class=\"wp-block-image size-large is-resized\"><img loading=\"lazy\" decoding=\"async\" width=\"1024\" height=\"1024\" src=\"http:\/\/www.myshifa.fr\/wp-content\/uploads\/2021\/05\/cropped-logo_shifa-1024x1024.png\" alt=\"\" class=\"wp-image-5\" style=\"width:201px;height:auto\" srcset=\"https:\/\/www.greenshifa.com\/wp-content\/uploads\/2021\/05\/cropped-logo_shifa-1024x1024.png 1024w, https:\/\/www.greenshifa.com\/wp-content\/uploads\/2021\/05\/cropped-logo_shifa-100x100.png 100w, https:\/\/www.greenshifa.com\/wp-content\/uploads\/2021\/05\/cropped-logo_shifa-416x416.png 416w, https:\/\/www.greenshifa.com\/wp-content\/uploads\/2021\/05\/cropped-logo_shifa-300x300.png 300w, https:\/\/www.greenshifa.com\/wp-content\/uploads\/2021\/05\/cropped-logo_shifa-150x150.png 150w, https:\/\/www.greenshifa.com\/wp-content\/uploads\/2021\/05\/cropped-logo_shifa-768x768.png 768w, https:\/\/www.greenshifa.com\/wp-content\/uploads\/2021\/05\/cropped-logo_shifa-1536x1536.png 1536w, https:\/\/www.greenshifa.com\/wp-content\/uploads\/2021\/05\/cropped-logo_shifa-2048x2048.png 2048w\" sizes=\"auto, (max-width: 1024px) 100vw, 1024px\" \/><\/figure>\n\n\n\n<p><span style=\"background-color:rgba(0, 0, 0, 0)\" class=\"has-inline-color has-vivid-cyan-blue-color\"><strong>Vous luttez pour surmonter un blocage ou une addiction\u00a0? Vous avez du mal \u00e0 g\u00e9rer votre stress\u00a0?<\/strong><\/span><strong><span style=\"background-color:rgba(0, 0, 0, 0)\" class=\"has-inline-color has-vivid-cyan-blue-color\">\u00a0<\/span><\/strong><\/p>\n\n\n\n<p>La vie peut parfois \u00eatre compliqu\u00e9e et difficile \u00e0 g\u00e9rer seul(e)s, c&rsquo;est pourquoi, dans&nbsp;<strong>un cadre bienveillant, soutenant et sans jugement<\/strong>, adapt\u00e9 \u00e0 l\u2019individualit\u00e9 de chacun, nous intervenons autour&nbsp;<strong>des probl\u00e9matiques li\u00e9es aux difficult\u00e9s de la vie personnelle, familiale et professionnelle<\/strong>&nbsp;telles que :<\/p>\n\n\n\n<p>D\u00e9pression, angoisse, anxi\u00e9t\u00e9, mal-\u00eatre, gestion des \u00e9motions, perte de sens, souffrance au travail, burn-out, bore-out, gestion du stress, harc\u00e8lement, hypersensibilit\u00e9, surdouance, estime de soi, d\u00e9pendances, deuil, troubles du sommeil, troubles du comportement alimentaire, relations conjugales, rupture amoureuse, surmenage parental, handicap, maladies chroniques, traumatismes\u2026 mauvais \u0153il et sorcelleries.<\/p>\n\n\n\n<p><strong><span style=\"background-color:rgba(0, 0, 0, 0)\" class=\"has-inline-color has-vivid-cyan-blue-color\">Ne soyez plus seul(e-s) face \u00e0 l\u2019impasse.<\/span><\/strong><\/p>\n\n\n\n<blockquote class=\"wp-block-quote is-layout-flow wp-block-quote-is-layout-flow\">\n<p><\/p>\n<\/blockquote>\n\n\n\n<blockquote class=\"wp-block-quote is-layout-flow wp-block-quote-is-layout-flow\">\n<blockquote class=\"wp-block-quote is-layout-flow wp-block-quote-is-layout-flow\">\n<p><\/p>\n<\/blockquote>\n<\/blockquote>\n","protected":false},"excerpt":{"rendered":"<p>Vous luttez pour surmonter un blocage ou une addiction\u00a0? Vous avez du mal \u00e0 g\u00e9rer votre stress\u00a0?\u00a0 La vie peut parfois \u00eatre compliqu\u00e9e et difficile \u00e0 g\u00e9rer seul(e)s, c&rsquo;est pourquoi, dans&nbsp;un cadre bienveillant, soutenant et sans jugement, adapt\u00e9 \u00e0 l\u2019individualit\u00e9 de chacun, nous intervenons autour&nbsp;des probl\u00e9matiques li\u00e9es aux difficult\u00e9s de la vie personnelle, familiale et [&hellip;]<\/p>\n","protected":false},"author":1,"featured_media":0,"parent":0,"menu_order":0,"comment_status":"closed","ping_status":"closed","template":"","meta":{"footnotes":""},"class_list":["post-487","page","type-page","status-publish","hentry"],"_links":{"self":[{"href":"https:\/\/www.greenshifa.com\/index.php\/wp-json\/wp\/v2\/pages\/487","targetHints":{"allow":["GET"]}}],"collection":[{"href":"https:\/\/www.greenshifa.com\/index.php\/wp-json\/wp\/v2\/pages"}],"about":[{"href":"https:\/\/www.greenshifa.com\/index.php\/wp-json\/wp\/v2\/types\/page"}],"author":[{"embeddable":true,"href":"https:\/\/www.greenshifa.com\/index.php\/wp-json\/wp\/v2\/users\/1"}],"replies":[{"embeddable":true,"href":"https:\/\/www.greenshifa.com\/index.php\/wp-json\/wp\/v2\/comments?post=487"}],"version-history":[{"count":4,"href":"https:\/\/www.greenshifa.com\/index.php\/wp-json\/wp\/v2\/pages\/487\/revisions"}],"predecessor-version":[{"id":624,"href":"https:\/\/www.greenshifa.com\/index.php\/wp-json\/wp\/v2\/pages\/487\/revisions\/624"}],"wp:attachment":[{"href":"https:\/\/www.greenshifa.com\/index.php\/wp-json\/wp\/v2\/media?parent=487"}],"curies":[{"name":"wp","href":"https:\/\/api.w.org\/{rel}","templated":true}]}}